{"id":288,"date":"2024-10-16T19:34:03","date_gmt":"2024-10-16T19:34:03","guid":{"rendered":"https:\/\/ebike2go.pl\/?page_id=288"},"modified":"2026-03-05T10:16:07","modified_gmt":"2026-03-05T10:16:07","slug":"288-2","status":"publish","type":"page","link":"https:\/\/ebike2go.pl\/","title":{"rendered":"ebike2go Main"},"content":{"rendered":"<p>[et_pb_section fb_built=&#8221;1&#8243; admin_label=&#8221;Header&#8221; _builder_version=&#8221;4.27.2&#8243; _module_preset=&#8221;default&#8221; use_background_color_gradient=&#8221;on&#8221; background_color_gradient_stops=&#8221;rgba(44,18,0,0.3) 0%|rgba(44,18,0,0.3) 100%&#8221; background_color_gradient_overlays_image=&#8221;on&#8221; background_image=&#8221;https:\/\/ebike2go.pl\/wp-content\/uploads\/2024\/10\/DSC06562-3-scaled.jpg&#8221; parallax=&#8221;on&#8221; parallax_method=&#8221;off&#8221; width=&#8221;100%&#8221; max_width=&#8221;100%&#8221; min_height=&#8221;589px&#8221; min_height_tablet=&#8221;540px&#8221; min_height_phone=&#8221;540px&#8221; min_height_last_edited=&#8221;on|phone&#8221; height=&#8221;765px&#8221; max_height=&#8221;373px&#8221; custom_margin=&#8221;|0px|0px||false|false&#8221; custom_padding=&#8221;0px||0px||true|false&#8221; collapsed=&#8221;on&#8221; global_colors_info=&#8221;{}&#8221;][\/et_pb_section][et_pb_section fb_built=&#8221;1&#8243; _builder_version=&#8221;4.27.2&#8243; _module_preset=&#8221;default&#8221; background_color=&#8221;#0a0a0a&#8221; global_colors_info=&#8221;{}&#8221;][et_pb_row _builder_version=&#8221;4.27.2&#8243; _module_preset=&#8221;default&#8221; width=&#8221;85%&#8221; max_width=&#8221;2501px&#8221; global_colors_info=&#8221;{}&#8221;][et_pb_column type=&#8221;4_4&#8243; _builder_version=&#8221;4.27.2&#8243; _module_preset=&#8221;default&#8221; global_colors_info=&#8221;{}&#8221;][et_pb_text _builder_version=&#8221;4.27.2&#8243; _module_preset=&#8221;default&#8221; text_font=&#8221;Aboreto|&#8211;et_global_heading_font_weight|||||||&#8221; text_font_size=&#8221;29px&#8221; text_line_height=&#8221;1.9em&#8221; text_orientation=&#8221;center&#8221; custom_margin=&#8221;|||0px|false|false&#8221; custom_padding=&#8221;|6px||6px|false|true&#8221; text_text_color_tablet=&#8221;&#8221; text_text_color_phone=&#8221;&#8221; text_text_color_last_edited=&#8221;on|desktop&#8221; border_radii=&#8221;on|1px|1px|1px|1px&#8221; border_width_all=&#8221;2px&#8221; global_colors_info=&#8221;{}&#8221;]<\/p>\n<p><span style=\"color: #ffffff;\">Wynajmij rower elektryczny ju\u017c od 19,70 PLN za dob\u0119 <\/span><span style=\"color: #ffffff;\">z darmow\u0105 dostaw\u0105 na terenie Katowic +10 km<\/span><\/p>\n<p>[\/et_pb_text][\/et_pb_column][\/et_pb_row][et_pb_row make_equal=&#8221;on&#8221; _builder_version=&#8221;4.27.2&#8243; _module_preset=&#8221;default&#8221; width=&#8221;38%&#8221; width_tablet=&#8221;38%&#8221; width_phone=&#8221;100%&#8221; width_last_edited=&#8221;on|desktop&#8221; max_width=&#8221;2560px&#8221; custom_margin=&#8221;0px||||false|false&#8221; global_colors_info=&#8221;{}&#8221;][et_pb_column type=&#8221;4_4&#8243; _builder_version=&#8221;4.27.2&#8243; _module_preset=&#8221;default&#8221; global_colors_info=&#8221;{}&#8221;][et_pb_text content_tablet=&#8221;<\/p>\n<p><span style=%22font-family: Aboreto; color: #ffffff;%22><strong>Co z nami zyskasz:<\/strong><\/span><\/p>\n<ul>\n<li><span style=%22font-family: Aboreto; color: #ffffff;%22><strong>Mo\u017cliwo\u015b\u0107 pracy od zaraz \u2013 <\/strong>wynajmujesz rower i od razu zaczynasz zarabia\u0107<\/span><\/li>\n<li><span style=%22font-family: Aboreto; color: #ffffff;%22><b>\u0141atwy start <\/b>\u2013 bez kaucji zwrotnej przy minimum formalno\u015bci \u2013 wystarczy p\u0142atno\u015b\u0107 kart\u0105 lub blikiem i dokument to\u017csamo\u015bci<\/span><\/li>\n<li><span style=%22font-family: Aboreto; color: #ffffff;%22><b>Wygoda<\/b> \u2013 nie musisz wychodzi\u0107 z domu \u2013 wynaj\u0119ty rower dostarczymy pod Twoje drzwi<\/span><\/li>\n<li><span style=%22font-family: Aboreto; color: #ffffff;%22><strong>Oszcz\u0119dno\u015b\u0107 czasu<\/strong> \u2013 2x wi\u0119cej dostarczonych paczek ni\u017c na zwyk\u0142ym rowerze<\/span><\/li>\n<li><span style=%22font-family: Aboreto; color: #ffffff;%22><strong>Oszcz\u0119dno\u015b\u0107 energii<\/strong> \u2013 3x mniej zm\u0119czenia dzi\u0119ki nap\u0119dowi elektrycznemu oraz przyjemno\u015b\u0107 z jazdy.<\/span><\/li>\n<li><span style=%22font-family: Aboreto; color: #ffffff;%22><strong>Niski koszt eksploatacji<\/strong> \u2013 zaledwie <strong>2 z\u0142 za 100 km<\/strong>!<\/span><\/li>\n<li><span style=%22font-family: Aboreto; color: #ffffff;%22><b>Ci\u0105g\u0142o\u015b\u0107 pracy<\/b> \u2013 mo\u017cliwo\u015b\u0107 wynaj\u0119cia z dodatkow\u0105 bateri\u0105<\/span><\/li>\n<li><span style=%22font-family: Aboreto; color: #ffffff;%22><strong>Elastyczno\u015b\u0107<\/strong> \u2013 wynajmujesz wtedy, kiedy potrzebujesz, bez konieczno\u015bci wydawania kilku tysi\u0119cy na rower<\/span><\/li>\n<li><span style=%22font-family: Aboreto; color: #ffffff;%22><b>Bezpiecze\u0144stwo<\/b> \u2013 nasze rowery s\u0105 ubezpieczone od kradzie\u017cy oraz nieszcz\u0119\u015bliwych wypadk\u00f3w<\/span><\/li>\n<li><span style=%22font-family: Aboreto; color: #ffffff;%22><b>Pe\u0142ne wyposa\u017cenie<\/b> \u2013 rower posiada hermetyczny pokrowiec na telefon z mo\u017cliwo\u015bci\u0105 \u0142adowania oraz blokad\u0119 na klucz<\/span><\/li>\n<li><span style=%22font-family: Aboreto;%22><span style=%22color: #ffffff;%22><b>Wsparcie techniczne<\/b> \u2013 nie martw si\u0119 serwisem \u2013 my za\u0142atwimy go za Ciebie a w razie potrzeby szybko wymienimy rower na now<\/span>y<\/span><\/li>\n<\/ul>\n<p>&#8221; content_phone=&#8221;<\/p>\n<p style=%22text-align: center;%22><span style=%22font-family: Aboreto; color: #ffffff; font-size: large;%22><strong>Nasze rowery to:<\/strong><\/span><\/p>\n<p style=%22text-align: center;%22><span style=%22font-family: Aboreto; color: #ffffff; font-size: large;%22><strong><\/strong><\/span><\/p>\n<ul>\n<li><span style=%22font-family: Aboreto; color: #ffffff;%22><strong><span style=%22color: #e09900;%22>Mo\u017cliwo\u015b\u0107 pracy od zaraz<\/span> \u2013 <\/strong>wynajmujesz i od razu zaczynasz zarabia\u0107<\/span><\/li>\n<li><span style=%22font-family: Aboreto; color: #ffffff;%22><span style=%22color: #e09900;%22><b>\u0141atwy start <\/b><\/span>\u2013 bez kaucji zwrotnej przy minimum formalno\u015bci \u2013 wystarczy p\u0142atno\u015b\u0107 kart\u0105 lub blikiem i dokument to\u017csamo\u015bci<\/span><\/li>\n<li><span style=%22font-family: Aboreto; color: #ffffff;%22><span style=%22color: #e09900;%22><b>Wygoda<\/b><\/span> \u2013 nie WYCHOD\u0179 z domu \u2013 wynaj\u0119ty rower dostarczymy pod Twoje drzwi<\/span><\/li>\n<li><span style=%22font-family: Aboreto; color: #ffffff;%22><span style=%22color: #e09900;%22><strong>Oszcz\u0119dno\u015b\u0107 czasu<\/strong><\/span> \u2013 2x wi\u0119cej dostarczonych paczek ni\u017c na zwyk\u0142ym rowerze<\/span><\/li>\n<li><span style=%22font-family: Aboreto; color: #ffffff;%22><span style=%22color: #e09900;%22><strong>Oszcz\u0119dno\u015b\u0107 energii<\/strong><\/span> \u2013 3x mniej zm\u0119czenia dzi\u0119ki nap\u0119dowi elektrycznemu oraz przyjemno\u015b\u0107 z jazdy.<\/span><\/li>\n<li><span style=%22font-family: Aboreto; color: #ffffff;%22><span style=%22color: #e09900;%22><strong>Niski koszt eksploatacji<\/strong><\/span> \u2013 TYLKO <strong>2 z\u0142 za 100 km<\/strong>!<\/span><\/li>\n<li><span style=%22font-family: Aboreto; color: #ffffff;%22><span style=%22color: #e09900;%22><b>Ci\u0105g\u0142o\u015b\u0107 pracy<\/b><\/span> \u2013 mo\u017cliwo\u015b\u0107 wynaj\u0119cia z dodatkow\u0105 bateri\u0105<\/span><\/li>\n<li><span style=%22font-family: Aboreto; color: #ffffff;%22><span style=%22color: #e09900;%22><strong>Elastyczno\u015b\u0107<\/strong> <\/span>\u2013 wynajmujesz wtedy, kiedy potrzebujesz, bez konieczno\u015bci wydawania kilku tysi\u0119cy na rower<\/span><\/li>\n<li><span style=%22font-family: Aboreto; color: #ffffff;%22><span style=%22color: #e09900;%22><b>Bezpiecze\u0144stwo<\/b><\/span> \u2013 nasze rowery s\u0105 ubezpieczone od kradzie\u017cy oraz nieszcz\u0119\u015bliwych wypadk\u00f3w<\/span><\/li>\n<li><span style=%22font-family: Aboreto; color: #ffffff;%22><span style=%22color: #e09900;%22><b>Pe\u0142ne wyposa\u017cenie<\/b><\/span> \u2013 hermetyczny pokrowiec na telefon z mo\u017cliwo\u015bci\u0105 \u0142adowania oraz blokada antykradzie\u017cowa w zestawie<\/span><\/li>\n<li><span style=%22font-family: Aboreto;%22><span style=%22color: #ffffff;%22><span style=%22color: #e09900;%22><b>Wsparcie techniczne<\/b><\/span> \u2013 nie martw si\u0119 serwisem \u2013 my za\u0142atwimy go za Ciebie a w razie potrzeby szybko wymienimy rower na nowY<\/span>y<\/span><\/li>\n<\/ul>\n<p>&#8221; content_last_edited=&#8221;on|desktop&#8221; _builder_version=&#8221;4.27.2&#8243; _module_preset=&#8221;default&#8221; inline_fonts=&#8221;Aboreto&#8221; global_colors_info=&#8221;{}&#8221;]<\/p>\n<p><span style=\"font-family: Aboreto; color: #ffffff;\"><strong>Co z nami zyskasz:<\/strong><\/span><\/p>\n<ul>\n<li><span style=\"font-family: Aboreto; color: #ffffff;\"><strong>Mo\u017cliwo\u015b\u0107 pracy od zaraz \u2013 <\/strong>wynajmujesz rower i od razu zaczynasz zarabia\u0107<\/span><\/li>\n<li><span style=\"font-family: Aboreto; color: #ffffff;\"><b>\u0141atwy start <\/b>\u2013 bez kaucji zwrotnej przy minimum formalno\u015bci \u2013 wystarczy p\u0142atno\u015b\u0107 kart\u0105 lub blikiem i dokument to\u017csamo\u015bci<\/span><\/li>\n<li><span style=\"font-family: Aboreto; color: #ffffff;\"><b>Wygoda<\/b> \u2013 nie musisz wychodzi\u0107 z domu \u2013 wynaj\u0119ty rower dostarczymy pod Twoje drzwi<\/span><\/li>\n<li><span style=\"font-family: Aboreto; color: #ffffff;\"><strong>Oszcz\u0119dno\u015b\u0107 czasu<\/strong> \u2013 2x wi\u0119cej dostarczonych paczek ni\u017c na zwyk\u0142ym rowerze<\/span><\/li>\n<li><span style=\"font-family: Aboreto; color: #ffffff;\"><strong>Oszcz\u0119dno\u015b\u0107 energii<\/strong> \u2013 3x mniej zm\u0119czenia dzi\u0119ki nap\u0119dowi elektrycznemu oraz przyjemno\u015b\u0107 z jazdy.<\/span><\/li>\n<li><span style=\"font-family: Aboreto; color: #ffffff;\"><strong>Niski koszt eksploatacji<\/strong> \u2013 zaledwie <strong>2 z\u0142 za 100 km<\/strong>!<\/span><\/li>\n<li><span style=\"font-family: Aboreto; color: #ffffff;\"><b>Ci\u0105g\u0142o\u015b\u0107 pracy<\/b> \u2013 mo\u017cliwo\u015b\u0107 wynaj\u0119cia z dodatkow\u0105 bateri\u0105<\/span><\/li>\n<li><span style=\"font-family: Aboreto; color: #ffffff;\"><strong>Elastyczno\u015b\u0107<\/strong> \u2013 wynajmujesz wtedy, kiedy potrzebujesz, bez konieczno\u015bci wydawania kilku tysi\u0119cy na rower<\/span><\/li>\n<li><span style=\"font-family: Aboreto; color: #ffffff;\"><b>Bezpiecze\u0144stwo<\/b> \u2013 nasze rowery s\u0105 ubezpieczone od kradzie\u017cy oraz nieszcz\u0119\u015bliwych wypadk\u00f3w<\/span><\/li>\n<li><span style=\"font-family: Aboreto; color: #ffffff;\"><b>Pe\u0142ne wyposa\u017cenie<\/b> \u2013 rower posiada hermetyczny pokrowiec na telefon z mo\u017cliwo\u015bci\u0105 \u0142adowania oraz blokad\u0119 na klucz<\/span><\/li>\n<li><span style=\"font-family: Aboreto;\"><span style=\"color: #ffffff;\"><b>Wsparcie techniczne<\/b> \u2013 nie martw si\u0119 serwisem \u2013 my za\u0142atwimy go za Ciebie a w razie potrzeby szybko wymienimy rower na nowY<\/span>y<\/span><\/li>\n<\/ul>\n<p>[\/et_pb_text][\/et_pb_column][\/et_pb_row][et_pb_row _builder_version=&#8221;4.27.2&#8243; _module_preset=&#8221;default&#8221; width=&#8221;99%&#8221; custom_margin=&#8221;55px||0px||false|false&#8221; custom_padding=&#8221;0px||||false|false&#8221; border_width_all=&#8221;2px&#8221; global_colors_info=&#8221;{}&#8221;][et_pb_column type=&#8221;4_4&#8243; _builder_version=&#8221;4.27.2&#8243; _module_preset=&#8221;default&#8221; global_colors_info=&#8221;{}&#8221;][et_pb_text _builder_version=&#8221;4.27.2&#8243; _module_preset=&#8221;default&#8221; custom_padding=&#8221;||9px|||&#8221; inline_fonts=&#8221;Aboreto&#8221; global_colors_info=&#8221;{}&#8221;]<\/p>\n<h1 style=\"text-align: center;\"><span style=\"font-family: Aboreto; font-weight: normal;\"><\/span><\/h1>\n<h1 style=\"text-align: center;\"><span style=\"font-family: Aboreto; font-weight: normal;\"><\/span><\/h1>\n<h1 style=\"text-align: center;\"><span style=\"font-family: Aboreto; font-weight: normal;\"><\/span><\/h1>\n<h1 style=\"text-align: center;\"><span style=\"color: #e09900; font-size: large;\"><strong><span style=\"font-family: Aboreto;\">Ceny:<\/span><\/strong><\/span><br \/><span style=\"font-family: Aboreto; font-weight: normal; color: #e09900; font-size: small;\"><strong>Doba:<\/strong> <span style=\"color: #ffffff;\">50z\u0142 \u2013 z dodatkow\u0105 bateri\u0105: 70z\u0142<\/span><\/span><br \/><span style=\"font-family: Aboreto; font-weight: normal; color: #e09900; font-size: small;\"><strong>Tydzie\u0144: <\/strong><span style=\"color: #ffffff;\">190z\u0142 \u2013 z dodatkow\u0105 bateri\u0105: 200z\u0142<\/span><\/span><br \/><span style=\"font-family: Aboreto; font-weight: normal; color: #e09900; font-size: small;\"><strong>Miesi\u0105c:<\/strong> <span style=\"color: #ffffff;\">590Z\u0141 \u2013 z dodatkow\u0105 bateri\u0105: 600z\u0142<\/span><\/span><\/h1>\n<p><span style=\"font-family: Aboreto; font-weight: normal; color: #e09900; font-size: small;\"><span style=\"color: #ffffff;\"><\/span><\/span><\/p>\n<p><span style=\"font-family: Aboreto; font-weight: normal; color: #e09900; font-size: small;\"><span style=\"color: #ffffff;\"><\/span><\/span><\/p>\n<p style=\"text-align: center;\"><span style=\"font-family: Aboreto; font-weight: normal; color: #e09900; font-size: small;\"><span style=\"color: #ffffff;\"><span><span style=\"color: #e09900;\">Torba termiczna:<\/span> +15z\u0142 na tydzie\u0144, +30z\u0142 na miesi\u0105c.<\/span><\/span><\/span><\/p>\n<p style=\"text-align: center;\"><span style=\"font-family: Aboreto; font-weight: normal; color: #e09900; font-size: small;\"><span style=\"color: #ffffff;\"><span><span style=\"color: #e09900;\">Kaucja zwrotna:<\/span> 200z\u0142.<\/span><\/span><\/span><\/p>\n<p style=\"text-align: center;\">Kay<span style=\"font-family: Aboreto; font-weight: normal; color: #e09900; font-size: small;\"><span style=\"color: #ffffff;\"><span><\/span><\/span><\/span><\/p>\n<p style=\"text-align: center;\"><span style=\"font-family: Aboreto; font-weight: normal; color: #e09900; font-size: small;\"><span style=\"color: #ffffff;\"><span><\/span><\/span><\/span><\/p>\n<p>[\/et_pb_text][\/et_pb_column][\/et_pb_row][et_pb_row _builder_version=&#8221;4.27.2&#8243; _module_preset=&#8221;default&#8221; global_colors_info=&#8221;{}&#8221;][et_pb_column type=&#8221;4_4&#8243; _builder_version=&#8221;4.27.2&#8243; _module_preset=&#8221;default&#8221; global_colors_info=&#8221;{}&#8221;][et_pb_text _builder_version=&#8221;4.27.2&#8243; _module_preset=&#8221;default&#8221; global_colors_info=&#8221;{}&#8221;]<\/p>\n<p style=\"text-align: center;\"><span style=\"color: #ffffff; font-family: Aboreto;\">ODBIERZ ROWER W NASZYM PUNKCIE STACJONARNYM<\/span><\/p>\n<p style=\"text-align: center;\"><span style=\"color: #e09900; font-family: Aboreto; font-size: medium;\"> UL. SPACEROWA 8, 41-217 sOSNOWIEC<\/span><\/p>\n<p style=\"text-align: center;\"><span style=\"color: #ffffff; font-family: Aboreto;\"> <\/span><span style=\"color: #ffffff; font-family: Aboreto;\">LUB ZAM\u00d3W dARMOW\u0104 DOSTAW\u0118 ROWERU NA WSKAZANY ADRES NA TERENIE KATOWIC +10KM<\/span><\/p>\n<p style=\"text-align: center;\"><span style=\"color: #ffffff; font-family: Aboreto;\"><\/span><\/p>\n<p style=\"text-align: center;\"><span style=\"color: #ffffff; font-family: Aboreto;\"><span>*Darmowa dostawa NA wskazany adres w Katowicach +10km nie obowi\u0105zuje w wynajmach kr\u00f3tszych ni\u017c tydzie\u0144. Zg\u0142oszenie roweru do zwrotu po 1 tygodniu wynajmu wi\u0105\u017ce si\u0119 dodatkow\u0105 op\u0142at\u0105 50z\u0142. Po 2 lub wi\u0119cej tygodniach najmu op\u0142ata nie obowi\u0105zuje. Koszt 19,70z\u0142 za dob\u0119 zosta\u0142 wyliczony dziel\u0105c cen\u0119 wynajmu miesi\u0119cznego przez liczb\u0119 dni w miesi\u0105cu: 590\/30=19,7<\/span><\/span><\/p>\n<p style=\"text-align: center;\"><span style=\"color: #ffffff; font-family: Aboreto;\"><span><\/span><\/span><\/p>\n<p style=\"text-align: center;\"><span style=\"color: #ffffff; font-family: Aboreto;\"><span>OPERATOREM SERWISU eBIKE2GO JEST FIRMA:<\/span><\/span><\/p>\n<p style=\"text-align: center;\"><span style=\"color: #e09900; font-family: Aboreto;\"> qUANTUM wAVE UL. SPACEROWA 8 sOSNOWIEC, NIP: 6443150960<\/span><span style=\"color: #ffffff; font-family: Aboreto;\"><span><\/span><\/span><\/p>\n<p style=\"text-align: center;\">\n<p style=\"text-align: center;\">\n<p style=\"text-align: center;\">\n<p>[\/et_pb_text][\/et_pb_column][\/et_pb_row][\/et_pb_section][et_pb_section fb_built=&#8221;1&#8243; admin_label=&#8221;About&#8221; _builder_version=&#8221;4.27.2&#8243; _module_preset=&#8221;default&#8221; background_image=&#8221;https:\/\/ebike2go.pl\/wp-content\/uploads\/2024\/10\/DSC06494-scaled.jpg&#8221; parallax=&#8221;on&#8221; parallax_method=&#8221;off&#8221; max_width=&#8221;100%&#8221; min_height=&#8221;555px&#8221; height=&#8221;555px&#8221; height_tablet=&#8221;555px&#8221; height_phone=&#8221;555px&#8221; height_last_edited=&#8221;on|phone&#8221; max_height=&#8221;1000px&#8221; custom_margin=&#8221;-62px||-62px||true|false&#8221; custom_padding=&#8221;11px||||false|false&#8221; collapsed=&#8221;on&#8221; global_colors_info=&#8221;{}&#8221;][\/et_pb_section]<\/p>\n","protected":false},"excerpt":{"rendered":"<p>Wynajmij rower elektryczny ju\u017c od 19,70 PLN za dob\u0119 z darmow\u0105 dostaw\u0105 na terenie Katowic +10 kmCo z nami zyskasz: Mo\u017cliwo\u015b\u0107 pracy od zaraz \u2013 wynajmujesz rower i od razu zaczynasz zarabia\u0107 \u0141atwy start \u2013 bez kaucji zwrotnej przy minimum formalno\u015bci \u2013 wystarczy p\u0142atno\u015b\u0107 kart\u0105 lub blikiem i dokument to\u017csamo\u015bci Wygoda \u2013 nie musisz wychodzi\u0107 [&hellip;]<\/p>\n","protected":false},"author":1,"featured_media":0,"parent":0,"menu_order":0,"comment_status":"closed","ping_status":"closed","template":"","meta":{"_et_pb_use_builder":"on","_et_pb_old_content":"","_et_gb_content_width":"","footnotes":""},"class_list":["post-288","page","type-page","status-publish","hentry"],"_links":{"self":[{"href":"https:\/\/ebike2go.pl\/index.php?rest_route=\/wp\/v2\/pages\/288","targetHints":{"allow":["GET"]}}],"collection":[{"href":"https:\/\/ebike2go.pl\/index.php?rest_route=\/wp\/v2\/pages"}],"about":[{"href":"https:\/\/ebike2go.pl\/index.php?rest_route=\/wp\/v2\/types\/page"}],"author":[{"embeddable":true,"href":"https:\/\/ebike2go.pl\/index.php?rest_route=\/wp\/v2\/users\/1"}],"replies":[{"embeddable":true,"href":"https:\/\/ebike2go.pl\/index.php?rest_route=%2Fwp%2Fv2%2Fcomments&post=288"}],"version-history":[{"count":47,"href":"https:\/\/ebike2go.pl\/index.php?rest_route=\/wp\/v2\/pages\/288\/revisions"}],"predecessor-version":[{"id":492,"href":"https:\/\/ebike2go.pl\/index.php?rest_route=\/wp\/v2\/pages\/288\/revisions\/492"}],"wp:attachment":[{"href":"https:\/\/ebike2go.pl\/index.php?rest_route=%2Fwp%2Fv2%2Fmedia&parent=288"}],"curies":[{"name":"wp","href":"https:\/\/api.w.org\/{rel}","templated":true}]}}